{"id":8,"date":"2023-02-28T08:05:32","date_gmt":"2023-02-28T08:05:32","guid":{"rendered":"https:\/\/onlancedelapoussiere.net\/?page_id=8"},"modified":"2023-03-23T09:59:29","modified_gmt":"2023-03-23T09:59:29","slug":"qui-ecrit","status":"publish","type":"page","link":"https:\/\/onlancedelapoussiere.net\/index.php\/qui-ecrit\/","title":{"rendered":"Qui \u00e9crit ?"},"content":{"rendered":"\n<p class=\"has-large-font-size\">Je suis Maxime Actis.<\/p>\n\n\n\n<p class=\"has-large-font-size\">J\u2019ai \u00e9crit trois livres : <em>ce sont des apostilles<\/em> (S\u00e9rie Discr\u00e8te, 2016), <em>Les paysages avalent presque tout<\/em> (<a href=\"https:\/\/editions.flammarion.com\/les-paysages-avalent-presque-tout\/9782081500365\">Flammarion Po\u00e9sie<\/a>, 2020) et <em>Ibrahim Qashoush<\/em> (<a href=\"https:\/\/editionsdelogre.fr\/-\/ibrahim-qashoush-maxime-actis\/\">L\u2019Ogre<\/a>, 2022).<\/p>\n\n\n\n<p class=\"has-large-font-size\">J\u2019\u00e9cris aussi sur internet, <a href=\"http:\/\/jepersonne.tumblr.com\/\">ici<\/a> &amp; dans des revues. <\/p>\n","protected":false},"excerpt":{"rendered":"<p>Je suis Maxime Actis. J\u2019ai \u00e9crit trois livres : ce sont des apostilles (S\u00e9rie Discr\u00e8te, 2016), Les paysages avalent presque tout (Flammarion Po\u00e9sie, 2020) et Ibrahim Qashoush (L\u2019Ogre, 2022). J\u2019\u00e9cris aussi sur internet, ici &amp; dans des revues.<\/p>\n","protected":false},"author":1,"featured_media":0,"parent":0,"menu_order":0,"comment_status":"closed","ping_status":"closed","template":"","meta":{"_themeisle_gutenberg_block_has_review":false,"footnotes":""},"class_list":["post-8","page","type-page","status-publish","hentry"],"_links":{"self":[{"href":"https:\/\/onlancedelapoussiere.net\/index.php\/wp-json\/wp\/v2\/pages\/8","targetHints":{"allow":["GET"]}}],"collection":[{"href":"https:\/\/onlancedelapoussiere.net\/index.php\/wp-json\/wp\/v2\/pages"}],"about":[{"href":"https:\/\/onlancedelapoussiere.net\/index.php\/wp-json\/wp\/v2\/types\/page"}],"author":[{"embeddable":true,"href":"https:\/\/onlancedelapoussiere.net\/index.php\/wp-json\/wp\/v2\/users\/1"}],"replies":[{"embeddable":true,"href":"https:\/\/onlancedelapoussiere.net\/index.php\/wp-json\/wp\/v2\/comments?post=8"}],"version-history":[{"count":2,"href":"https:\/\/onlancedelapoussiere.net\/index.php\/wp-json\/wp\/v2\/pages\/8\/revisions"}],"predecessor-version":[{"id":121,"href":"https:\/\/onlancedelapoussiere.net\/index.php\/wp-json\/wp\/v2\/pages\/8\/revisions\/121"}],"wp:attachment":[{"href":"https:\/\/onlancedelapoussiere.net\/index.php\/wp-json\/wp\/v2\/media?parent=8"}],"curies":[{"name":"wp","href":"https:\/\/api.w.org\/{rel}","templated":true}]}}