{"id":336,"date":"2024-05-08T13:02:51","date_gmt":"2024-05-08T13:02:51","guid":{"rendered":"https:\/\/onlancedelapoussiere.net\/?page_id=336"},"modified":"2024-05-22T08:45:29","modified_gmt":"2024-05-22T08:45:29","slug":"brutusses-brutus","status":"publish","type":"page","link":"https:\/\/onlancedelapoussiere.net\/index.php\/brutusses-brutus\/","title":{"rendered":"Brutusses Brutus"},"content":{"rendered":"\n<div style=\"height:75px\" aria-hidden=\"true\" class=\"wp-block-spacer\"><\/div>\n\n\n\n<figure class=\"wp-block-image aligncenter size-large is-resized\"><img loading=\"lazy\" decoding=\"async\" width=\"775\" height=\"1024\" src=\"https:\/\/onlancedelapoussiere.net\/wp-content\/uploads\/2024\/05\/1e-Brutus-775x1024.jpg\" alt=\"\" class=\"wp-image-338\" style=\"width:552px;height:auto\" srcset=\"https:\/\/onlancedelapoussiere.net\/wp-content\/uploads\/2024\/05\/1e-Brutus-775x1024.jpg 775w, https:\/\/onlancedelapoussiere.net\/wp-content\/uploads\/2024\/05\/1e-Brutus-227x300.jpg 227w, https:\/\/onlancedelapoussiere.net\/wp-content\/uploads\/2024\/05\/1e-Brutus-768x1015.jpg 768w, https:\/\/onlancedelapoussiere.net\/wp-content\/uploads\/2024\/05\/1e-Brutus-1163x1536.jpg 1163w, https:\/\/onlancedelapoussiere.net\/wp-content\/uploads\/2024\/05\/1e-Brutus-1550x2048.jpg 1550w, https:\/\/onlancedelapoussiere.net\/wp-content\/uploads\/2024\/05\/1e-Brutus.jpg 1654w\" sizes=\"auto, (max-width: 775px) 100vw, 775px\" \/><\/figure>\n\n\n\n<p class=\"has-text-align-center has-x-large-font-size\"><strong><em>Brutusses Brutus<\/em><\/strong><\/p>\n\n\n\n<p class=\"has-text-align-center has-large-font-size\">C&rsquo;est le nom du livre. Il est facile \u00e0 lire parce qu&rsquo;il y a plein d&rsquo;histoires dedans. Elles ressemblent au monde qui chaque jour, d\u00e9file sous tes doigts ou se refl\u00e8te dans tes yeux.<\/p>\n\n\n\n<div style=\"height:75px\" aria-hidden=\"true\" class=\"wp-block-spacer\"><\/div>\n\n\n\n<p class=\"has-text-align-center has-vivid-purple-color has-text-color has-link-color has-small-font-size wp-elements-8c79089be889f652c9a09783d2da74fc\"><strong><a href=\"https:\/\/www.lalibrairie.com\/livres\/brutus-brutusses_0-10771793_9782377562046.html\">Tu vas l&rsquo;acheter<\/a> ?<\/strong><\/p>\n\n\n\n<p class=\"has-text-align-center has-vivid-purple-color has-text-color has-link-color has-small-font-size wp-elements-5f2d30a84775d2a633e2d1d9453096cb\"><strong>Tu vas aller le<a href=\"https:\/\/www.placedeslibraires.fr\/livre\/9782377562046-brutus-brutusses-maxime-actis\/\"> chercher<\/a> en criant le nom du livre dans les rues ?<\/strong><\/p>\n\n\n\n<div style=\"height:75px\" aria-hidden=\"true\" class=\"wp-block-spacer\"><\/div>\n\n\n\n<figure class=\"wp-block-image size-large is-resized\"><img loading=\"lazy\" decoding=\"async\" width=\"1024\" height=\"566\" src=\"https:\/\/onlancedelapoussiere.net\/wp-content\/uploads\/2024\/05\/R-deDen-1024x566.jpg\" alt=\"\" class=\"wp-image-415\" style=\"width:650px;height:auto\" srcset=\"https:\/\/onlancedelapoussiere.net\/wp-content\/uploads\/2024\/05\/R-deDen-1024x566.jpg 1024w, https:\/\/onlancedelapoussiere.net\/wp-content\/uploads\/2024\/05\/R-deDen-300x166.jpg 300w, https:\/\/onlancedelapoussiere.net\/wp-content\/uploads\/2024\/05\/R-deDen-768x424.jpg 768w, https:\/\/onlancedelapoussiere.net\/wp-content\/uploads\/2024\/05\/R-deDen-1536x849.jpg 1536w, https:\/\/onlancedelapoussiere.net\/wp-content\/uploads\/2024\/05\/R-deDen.jpg 1551w\" sizes=\"auto, (max-width: 1024px) 100vw, 1024px\" \/><figcaption class=\"wp-element-caption\"><strong>All\u00f4 ?!<\/strong><\/figcaption><\/figure>\n\n\n\n<div style=\"height:25px\" aria-hidden=\"true\" class=\"wp-block-spacer\"><\/div>\n\n\n\n<p class=\"has-text-align-center has-x-large-font-size\"><strong><em>Brutusses Brutus<\/em><\/strong> est sous-titr\u00e9 <em><span style=\"text-decoration: underline;\">Une aventure \u00e0 R d\u2019\u00c9den<\/span><\/em><\/p>\n\n\n\n<p class=\"has-text-align-center\"><em>Hein ?!<\/em><\/p>\n\n\n\n<div style=\"height:75px\" aria-hidden=\"true\" class=\"wp-block-spacer\"><\/div>\n\n\n\n<p class=\"has-text-align-center has-large-font-size\"><strong>R d\u2019\u00c9den<\/strong>, ce n&rsquo;est pas un centre de yoga, ni un bar d\u00e9tox et encore moins une falaise avec jolie vue pittoresque. <em>R D\u2019\u00c9den<\/em>, c&rsquo;est le nom que Brutus-Chien a donn\u00e9 \u00e0 sa propri\u00e9t\u00e9, et c&rsquo;est l\u00e0, au bord d&rsquo;un grand lac qui d\u00e9borde, que se rencontrent les autres Brutusses et Brutus.<\/p>\n\n\n\n<div style=\"height:75px\" aria-hidden=\"true\" class=\"wp-block-spacer\"><\/div>\n\n\n\n<figure class=\"wp-block-image aligncenter size-full is-resized\"><img loading=\"lazy\" decoding=\"async\" width=\"940\" height=\"788\" src=\"https:\/\/onlancedelapoussiere.net\/wp-content\/uploads\/2024\/05\/Cest-joli-mais-cest-pas-ca1.png\" alt=\"\" class=\"wp-image-440\" style=\"width:465px;height:auto\" srcset=\"https:\/\/onlancedelapoussiere.net\/wp-content\/uploads\/2024\/05\/Cest-joli-mais-cest-pas-ca1.png 940w, https:\/\/onlancedelapoussiere.net\/wp-content\/uploads\/2024\/05\/Cest-joli-mais-cest-pas-ca1-300x251.png 300w, https:\/\/onlancedelapoussiere.net\/wp-content\/uploads\/2024\/05\/Cest-joli-mais-cest-pas-ca1-768x644.png 768w\" sizes=\"auto, (max-width: 940px) 100vw, 940px\" \/><\/figure>\n\n\n\n<div style=\"height:75px\" aria-hidden=\"true\" class=\"wp-block-spacer\"><\/div>\n\n\n\n<p class=\"has-text-align-center has-large-font-size\">Dans le livre, on comprend vite que les Brutusses et Brutus ne peuvent pas imiter les nobles comme dans le <em>D\u00e9cam\u00e9ron<\/em>. Ce n&rsquo;est pas si facile de parler, car elles et ils ne peuvent pas se distraire du monde ext\u00e9rieur. C&rsquo;est impossible de se replier : <strong><span style=\"text-decoration: underline;\">les Brutusses et Brutus sont celles et ceux dont le c\u0153ur est dispers\u00e9 en mille morceaux<\/span><\/strong>. Ce livre est l&rsquo;histoire de leur force et de leur fragilit\u00e9.<\/p>\n\n\n\n<div style=\"height:25px\" aria-hidden=\"true\" class=\"wp-block-spacer\"><\/div>\n\n\n\n<p class=\"has-text-align-center has-vivid-purple-color has-text-color has-link-color wp-elements-e193e3df397641a93030bdcdb3e93df7\"><strong><a href=\"https:\/\/www.lalibrairie.com\/livres\/brutus-brutusses_0-10771793_9782377562046.html\">Tu vas l&rsquo;acheter<\/a> ? Tu vas le <a href=\"https:\/\/www.placedeslibraires.fr\/livre\/9782377562046-brutus-brutusses-maxime-actis\/\">voler <\/a>?<\/strong><\/p>\n\n\n\n<figure class=\"wp-block-image aligncenter size-full is-resized\"><img loading=\"lazy\" decoding=\"async\" width=\"333\" height=\"392\" src=\"https:\/\/onlancedelapoussiere.net\/wp-content\/uploads\/2024\/05\/radio.jpg\" alt=\"\" class=\"wp-image-419\" style=\"width:182px;height:auto\" srcset=\"https:\/\/onlancedelapoussiere.net\/wp-content\/uploads\/2024\/05\/radio.jpg 333w, https:\/\/onlancedelapoussiere.net\/wp-content\/uploads\/2024\/05\/radio-255x300.jpg 255w\" sizes=\"auto, (max-width: 333px) 100vw, 333px\" \/><\/figure>\n\n\n\n<div style=\"height:75px\" aria-hidden=\"true\" class=\"wp-block-spacer\"><\/div>\n\n\n\n<p class=\"has-text-align-center has-large-font-size\">Dans le livre, il y a une radio qui diffuse un bruit blanc dans le vide, et sans qu&rsquo;on puisse l&rsquo;expliquer, il en sort parfois des voix. Elles viennent de partout. Elles viennent de mondes qu&rsquo;on est incapable de <em>voir<\/em>. Pour les comprendre, faut prendre son stylo et recopier. De ce fait, <strong><em>Brutusses Brutus<\/em><\/strong> oscille entre documentaire et fiction, toujours \u00e0 la recherche de la distance la plus juste pour parler du r\u00e9el.<\/p>\n\n\n\n<div style=\"height:75px\" aria-hidden=\"true\" class=\"wp-block-spacer\"><\/div>\n\n\n\n<figure class=\"wp-block-gallery has-nested-images columns-default is-cropped wp-block-gallery-1 is-layout-flex wp-block-gallery-is-layout-flex\">\n<figure class=\"wp-block-image size-large\"><img loading=\"lazy\" decoding=\"async\" width=\"1024\" height=\"580\" data-id=\"408\" src=\"https:\/\/onlancedelapoussiere.net\/wp-content\/uploads\/2024\/05\/1200x680_sc_sc_lamartine-041223-5-1024x580.jpg\" alt=\"\" class=\"wp-image-408\" srcset=\"https:\/\/onlancedelapoussiere.net\/wp-content\/uploads\/2024\/05\/1200x680_sc_sc_lamartine-041223-5-1024x580.jpg 1024w, https:\/\/onlancedelapoussiere.net\/wp-content\/uploads\/2024\/05\/1200x680_sc_sc_lamartine-041223-5-300x170.jpg 300w, https:\/\/onlancedelapoussiere.net\/wp-content\/uploads\/2024\/05\/1200x680_sc_sc_lamartine-041223-5-768x435.jpg 768w, https:\/\/onlancedelapoussiere.net\/wp-content\/uploads\/2024\/05\/1200x680_sc_sc_lamartine-041223-5.jpg 1200w\" sizes=\"auto, (max-width: 1024px) 100vw, 1024px\" \/><\/figure>\n\n\n\n<figure class=\"wp-block-image size-large\"><img loading=\"lazy\" decoding=\"async\" width=\"1024\" height=\"683\" data-id=\"411\" src=\"https:\/\/onlancedelapoussiere.net\/wp-content\/uploads\/2024\/05\/Antakya-Turquie-seismes-de-Kahramanmarasmars-2023-1024x683.jpg\" alt=\"\" class=\"wp-image-411\" srcset=\"https:\/\/onlancedelapoussiere.net\/wp-content\/uploads\/2024\/05\/Antakya-Turquie-seismes-de-Kahramanmarasmars-2023-1024x683.jpg 1024w, https:\/\/onlancedelapoussiere.net\/wp-content\/uploads\/2024\/05\/Antakya-Turquie-seismes-de-Kahramanmarasmars-2023-300x200.jpg 300w, https:\/\/onlancedelapoussiere.net\/wp-content\/uploads\/2024\/05\/Antakya-Turquie-seismes-de-Kahramanmarasmars-2023-768x512.jpg 768w, https:\/\/onlancedelapoussiere.net\/wp-content\/uploads\/2024\/05\/Antakya-Turquie-seismes-de-Kahramanmarasmars-2023-1536x1024.jpg 1536w, https:\/\/onlancedelapoussiere.net\/wp-content\/uploads\/2024\/05\/Antakya-Turquie-seismes-de-Kahramanmarasmars-2023.jpg 1920w\" sizes=\"auto, (max-width: 1024px) 100vw, 1024px\" \/><\/figure>\n\n\n\n<figure class=\"wp-block-image size-large\"><img loading=\"lazy\" decoding=\"async\" width=\"1024\" height=\"683\" data-id=\"410\" src=\"https:\/\/onlancedelapoussiere.net\/wp-content\/uploads\/2024\/05\/Deux-soeurs-dans-le-metro-de-Kiev-Aris-Messinis-2022-2-1024x683.jpg\" alt=\"\" class=\"wp-image-410\" srcset=\"https:\/\/onlancedelapoussiere.net\/wp-content\/uploads\/2024\/05\/Deux-soeurs-dans-le-metro-de-Kiev-Aris-Messinis-2022-2-1024x683.jpg 1024w, https:\/\/onlancedelapoussiere.net\/wp-content\/uploads\/2024\/05\/Deux-soeurs-dans-le-metro-de-Kiev-Aris-Messinis-2022-2-300x200.jpg 300w, https:\/\/onlancedelapoussiere.net\/wp-content\/uploads\/2024\/05\/Deux-soeurs-dans-le-metro-de-Kiev-Aris-Messinis-2022-2-768x512.jpg 768w, https:\/\/onlancedelapoussiere.net\/wp-content\/uploads\/2024\/05\/Deux-soeurs-dans-le-metro-de-Kiev-Aris-Messinis-2022-2.jpg 1200w\" sizes=\"auto, (max-width: 1024px) 100vw, 1024px\" \/><\/figure>\n\n\n\n<figure class=\"wp-block-image size-large\"><img loading=\"lazy\" decoding=\"async\" width=\"1024\" height=\"594\" data-id=\"409\" src=\"https:\/\/onlancedelapoussiere.net\/wp-content\/uploads\/2024\/05\/Enfants-refugies-grecs-et-armeniens-pres-dAthenes-1923-a-la-suite-de-lechange-de-population-entre-la-Grece-et-la-Turquie-2-1024x594.jpg\" alt=\"\" class=\"wp-image-409\" srcset=\"https:\/\/onlancedelapoussiere.net\/wp-content\/uploads\/2024\/05\/Enfants-refugies-grecs-et-armeniens-pres-dAthenes-1923-a-la-suite-de-lechange-de-population-entre-la-Grece-et-la-Turquie-2-1024x594.jpg 1024w, https:\/\/onlancedelapoussiere.net\/wp-content\/uploads\/2024\/05\/Enfants-refugies-grecs-et-armeniens-pres-dAthenes-1923-a-la-suite-de-lechange-de-population-entre-la-Grece-et-la-Turquie-2-300x174.jpg 300w, https:\/\/onlancedelapoussiere.net\/wp-content\/uploads\/2024\/05\/Enfants-refugies-grecs-et-armeniens-pres-dAthenes-1923-a-la-suite-de-lechange-de-population-entre-la-Grece-et-la-Turquie-2-768x445.jpg 768w, https:\/\/onlancedelapoussiere.net\/wp-content\/uploads\/2024\/05\/Enfants-refugies-grecs-et-armeniens-pres-dAthenes-1923-a-la-suite-de-lechange-de-population-entre-la-Grece-et-la-Turquie-2.jpg 1200w\" sizes=\"auto, (max-width: 1024px) 100vw, 1024px\" \/><\/figure>\n\n\n\n<figure class=\"wp-block-image size-large\"><img loading=\"lazy\" decoding=\"async\" width=\"1024\" height=\"683\" data-id=\"412\" src=\"https:\/\/onlancedelapoussiere.net\/wp-content\/uploads\/2024\/05\/Julia-Druelle-Old-Lidl-novembre-2023-2-1024x683.jpg\" alt=\"\" class=\"wp-image-412\" srcset=\"https:\/\/onlancedelapoussiere.net\/wp-content\/uploads\/2024\/05\/Julia-Druelle-Old-Lidl-novembre-2023-2-1024x683.jpg 1024w, https:\/\/onlancedelapoussiere.net\/wp-content\/uploads\/2024\/05\/Julia-Druelle-Old-Lidl-novembre-2023-2-300x200.jpg 300w, https:\/\/onlancedelapoussiere.net\/wp-content\/uploads\/2024\/05\/Julia-Druelle-Old-Lidl-novembre-2023-2-768x512.jpg 768w, https:\/\/onlancedelapoussiere.net\/wp-content\/uploads\/2024\/05\/Julia-Druelle-Old-Lidl-novembre-2023-2-1536x1024.jpg 1536w, https:\/\/onlancedelapoussiere.net\/wp-content\/uploads\/2024\/05\/Julia-Druelle-Old-Lidl-novembre-2023-2-2048x1365.jpg 2048w\" sizes=\"auto, (max-width: 1024px) 100vw, 1024px\" \/><\/figure>\n<\/figure>\n\n\n\n<div style=\"height:75px\" aria-hidden=\"true\" class=\"wp-block-spacer\"><\/div>\n\n\n\n<p class=\"has-text-align-center has-vivid-purple-color has-text-color has-link-color wp-elements-f7542454b2919def51900aaf083c477d\"><strong><a href=\"https:\/\/www.lalibrairie.com\/livres\/brutus-brutusses_0-10771793_9782377562046.html\">Tu vas l&rsquo;acheter<\/a> ? Tu vas aller le <a href=\"https:\/\/www.placedeslibraires.fr\/livre\/9782377562046-brutus-brutusses-maxime-actis\/\">commander<\/a> ?<\/strong><\/p>\n\n\n\n<div style=\"height:75px\" aria-hidden=\"true\" class=\"wp-block-spacer\"><\/div>\n\n\n\n<figure class=\"wp-block-image aligncenter size-full is-resized\"><img loading=\"lazy\" decoding=\"async\" width=\"503\" height=\"348\" src=\"https:\/\/onlancedelapoussiere.net\/wp-content\/uploads\/2024\/05\/GogoMonster-bis.jpg\" alt=\"\" class=\"wp-image-433\" style=\"width:503px;height:auto\" srcset=\"https:\/\/onlancedelapoussiere.net\/wp-content\/uploads\/2024\/05\/GogoMonster-bis.jpg 503w, https:\/\/onlancedelapoussiere.net\/wp-content\/uploads\/2024\/05\/GogoMonster-bis-300x208.jpg 300w\" sizes=\"auto, (max-width: 503px) 100vw, 503px\" \/><figcaption class=\"wp-element-caption\">Le livre est habit\u00e9 de tout un tas de r\u00e9f\u00e9rences plus ou moins pointues, on peut dire que tout se m\u00e9lange. Le travail de T.Matsumoto irrigue, comme un petit ruisseau, le texte (ici, <em>Gogo Monster<\/em>). Cette image est trop belle.<\/figcaption><\/figure>\n\n\n\n<div style=\"height:75px\" aria-hidden=\"true\" class=\"wp-block-spacer\"><\/div>\n\n\n\n<p class=\"has-text-align-center has-large-font-size\">Le livre s&rsquo;ouvre et se ferme sur des photographies. Parmi elles, il y a celles de <a href=\"https:\/\/photolure.am\/photographer\/35\" target=\"_blank\" rel=\"noreferrer noopener\"><strong>Stepan Poghossian<\/strong><\/a> (qui travaille en Arm\u00e9nie) et de <a href=\"https:\/\/www.juliadruelle.com\/\" target=\"_blank\" rel=\"noreferrer noopener\"><strong>Julia Druelle<\/strong><\/a> (qui travaille \u00e0 Calais). Je les remercie du fond du c\u0153ur. Je tiens aussi \u00e0 t\u00e9moigner ma reconnaissance pour <strong>Alix Martin, Benoit Laureau, Jeanne &amp; Ada Actis-Martin, Marc Perrin, Th\u00e9o Robine-Langlois, Samuel Denantes-Teulade <\/strong>et <strong>Marius Loris<\/strong>, qui ont contribu\u00e9 \u00e0 faire de ce livre ce qu\u2019il est.<\/p>\n\n\n\n<div style=\"height:75px\" aria-hidden=\"true\" class=\"wp-block-spacer\"><\/div>\n\n\n\n<figure class=\"wp-block-image aligncenter size-full is-resized\"><img loading=\"lazy\" decoding=\"async\" width=\"393\" height=\"388\" src=\"https:\/\/onlancedelapoussiere.net\/wp-content\/uploads\/2024\/05\/coeur.jpg\" alt=\"\" class=\"wp-image-435\" style=\"width:188px;height:auto\" srcset=\"https:\/\/onlancedelapoussiere.net\/wp-content\/uploads\/2024\/05\/coeur.jpg 393w, https:\/\/onlancedelapoussiere.net\/wp-content\/uploads\/2024\/05\/coeur-300x296.jpg 300w\" sizes=\"auto, (max-width: 393px) 100vw, 393px\" \/><\/figure>\n\n\n\n<div style=\"height:75px\" aria-hidden=\"true\" class=\"wp-block-spacer\"><\/div>\n\n\n\n<p class=\"has-text-align-center\">N&rsquo;h\u00e9sitez pas \u00e0 m&rsquo;\u00e9crire si vous voulez des informations, organiser quelque chose ou juste me dire quelques mots de ce livre. J&rsquo;esp\u00e8re que vous vous reconna\u00eetrez dans ces personnages. Ils et elles sont parfois intenses, mais <strong>le monde est pareil<\/strong>.<\/p>\n\n\n\n<div style=\"height:75px\" aria-hidden=\"true\" class=\"wp-block-spacer\"><\/div>\n\n\n\n<figure class=\"wp-block-image aligncenter size-large is-resized\"><img loading=\"lazy\" decoding=\"async\" width=\"775\" height=\"1024\" src=\"https:\/\/onlancedelapoussiere.net\/wp-content\/uploads\/2024\/05\/1e-Brutus-775x1024.jpg\" alt=\"\" class=\"wp-image-338\" style=\"width:252px;height:auto\" srcset=\"https:\/\/onlancedelapoussiere.net\/wp-content\/uploads\/2024\/05\/1e-Brutus-775x1024.jpg 775w, https:\/\/onlancedelapoussiere.net\/wp-content\/uploads\/2024\/05\/1e-Brutus-227x300.jpg 227w, https:\/\/onlancedelapoussiere.net\/wp-content\/uploads\/2024\/05\/1e-Brutus-768x1015.jpg 768w, https:\/\/onlancedelapoussiere.net\/wp-content\/uploads\/2024\/05\/1e-Brutus-1163x1536.jpg 1163w, https:\/\/onlancedelapoussiere.net\/wp-content\/uploads\/2024\/05\/1e-Brutus-1550x2048.jpg 1550w, https:\/\/onlancedelapoussiere.net\/wp-content\/uploads\/2024\/05\/1e-Brutus.jpg 1654w\" sizes=\"auto, (max-width: 775px) 100vw, 775px\" \/><\/figure>\n\n\n\n<p class=\"has-text-align-center has-large-font-size\"><strong>Brutusses Brutus<\/strong><\/p>\n\n\n\n<p class=\"has-text-align-center has-large-font-size\">Maxime Actis<\/p>\n\n\n\n<p class=\"has-text-align-center has-medium-font-size\">Le 17 mai 2024<\/p>\n\n\n\n<p class=\"has-text-align-center has-medium-font-size\">Publi\u00e9 aux <a href=\"https:\/\/editionsdelogre.fr\/\">\u00e9ditions de l&rsquo;Ogre<\/a> (n\u00b056)<\/p>\n\n\n\n<p class=\"has-text-align-center has-medium-font-size\">20 euros<\/p>\n\n\n\n<p class=\"has-text-align-center has-medium-font-size\"><em>ISBN 978-2-37756-204-6<\/em><\/p>\n\n\n\n<div style=\"height:50px\" aria-hidden=\"true\" class=\"wp-block-spacer\"><\/div>\n\n\n\n<p class=\"has-text-align-center has-x-large-font-size\"><\/p>\n\n\n\n<p class=\"has-text-align-center animated pulse delay-100ms slower has-text-color has-link-color has-large-font-size wp-elements-46336f19970cb5c85d2ca96a4352aecb\" style=\"color:#fb02ff\"><\/p>\n","protected":false},"excerpt":{"rendered":"<p>Brutusses Brutus C&rsquo;est le nom du livre. Il est facile \u00e0 lire parce qu&rsquo;il y a plein d&rsquo;histoires dedans. Elles ressemblent au monde qui chaque jour, d\u00e9file sous tes doigts ou se refl\u00e8te dans tes yeux. Tu vas l&rsquo;acheter ? Tu vas aller le chercher en criant le nom du livre dans les rues ? [&hellip;]<\/p>\n","protected":false},"author":1,"featured_media":0,"parent":0,"menu_order":0,"comment_status":"closed","ping_status":"closed","template":"","meta":{"_themeisle_gutenberg_block_has_review":false,"footnotes":""},"class_list":["post-336","page","type-page","status-publish","hentry"],"_links":{"self":[{"href":"https:\/\/onlancedelapoussiere.net\/index.php\/wp-json\/wp\/v2\/pages\/336","targetHints":{"allow":["GET"]}}],"collection":[{"href":"https:\/\/onlancedelapoussiere.net\/index.php\/wp-json\/wp\/v2\/pages"}],"about":[{"href":"https:\/\/onlancedelapoussiere.net\/index.php\/wp-json\/wp\/v2\/types\/page"}],"author":[{"embeddable":true,"href":"https:\/\/onlancedelapoussiere.net\/index.php\/wp-json\/wp\/v2\/users\/1"}],"replies":[{"embeddable":true,"href":"https:\/\/onlancedelapoussiere.net\/index.php\/wp-json\/wp\/v2\/comments?post=336"}],"version-history":[{"count":43,"href":"https:\/\/onlancedelapoussiere.net\/index.php\/wp-json\/wp\/v2\/pages\/336\/revisions"}],"predecessor-version":[{"id":441,"href":"https:\/\/onlancedelapoussiere.net\/index.php\/wp-json\/wp\/v2\/pages\/336\/revisions\/441"}],"wp:attachment":[{"href":"https:\/\/onlancedelapoussiere.net\/index.php\/wp-json\/wp\/v2\/media?parent=336"}],"curies":[{"name":"wp","href":"https:\/\/api.w.org\/{rel}","templated":true}]}}